{"id":1338,"date":"2026-04-27T15:37:33","date_gmt":"2026-04-27T13:37:33","guid":{"rendered":"https:\/\/nrpartners2.kcon.io\/?page_id=1338"},"modified":"2026-05-06T19:05:19","modified_gmt":"2026-05-06T17:05:19","slug":"impressum","status":"publish","type":"page","link":"https:\/\/nr-partner.at\/index.php\/impressum\/","title":{"rendered":"Impressum"},"content":{"rendered":"\t\t<div data-elementor-type=\"wp-page\" data-elementor-id=\"1338\" class=\"elementor elementor-1338\" data-elementor-post-type=\"page\">\n\t\t\t\t<div class=\"elementor-element elementor-element-0852cca e-flex e-con-boxed e-con e-parent\" data-id=\"0852cca\" data-element_type=\"container\" data-e-type=\"container\">\n\t\t\t\t\t<div class=\"e-con-inner\">\n\t\t<div class=\"elementor-element elementor-element-00ac953 e-con-full e-flex e-con e-child\" data-id=\"00ac953\" data-element_type=\"container\" data-e-type=\"container\" data-settings=\"{&quot;background_background&quot;:&quot;classic&quot;}\">\n\t\t\t\t<div class=\"elementor-element elementor-element-04c5832 elementor-widget elementor-widget-heading\" data-id=\"04c5832\" data-element_type=\"widget\" data-e-type=\"widget\" data-widget_type=\"heading.default\">\n\t\t\t\t\t<h1 class=\"elementor-heading-title elementor-size-default\">Impressum<\/h1>\t\t\t\t<\/div>\n\t\t\t\t<div class=\"elementor-element elementor-element-c3fe3a8 elementor-widget elementor-widget-text-editor\" data-id=\"c3fe3a8\" data-element_type=\"widget\" data-e-type=\"widget\" data-widget_type=\"text-editor.default\">\n\t\t\t\t\t\t\t\t\t<p>Impressum gem. \u00a7 25 Mediengesetz sowie Anbieteridentifizierung gem. \u00a7 5 Abs 1 ECG<\/p>\n<p>Kammer der Architekten und Ingenieurkonsulenten f\u00fcr Steiermark und K\u00e4rnten<\/p>\n<p>Medieninhaber*in, Herausgeber*in, Hersteller*in und Redaktion: NR-Partner GmbH interdisziplin\u00e4re Gesellschaft mit ZT f\u00fcr Maschienenbau und technische B\u00fcros f\u00fcr Elektro- und Installationstechnik.<br>Liebengasse 29 8042 Graz<\/p>\n<p>Firmenbuchgericht: Landesgericht f\u00fcr Zivilrechtssachen Graz<\/p>\n<p>Gesch\u00e4ftsf\u00fchrender Gesellschafter:<br>DI Christian Rabl<br>Ing. Franz K\u00f6stenbauer<\/p>\n<p>Tel.:43 316 XXXXXX<br>E-Mail:office@nr-partner.at<br>FN: XXXXXX | UID: ATUXXXXXXX<\/p>\n<p>Bankverbindung:<br>IBAN: AT343820600000272483<br>BIC: XXXXXXX<\/p><p><br><\/p><p><br><\/p>\t\t\t\t\t\t\t\t<\/div>\n\t\t\t\t<\/div>\n\t\t\t\t\t<\/div>\n\t\t\t\t<\/div>\n\t\t\t\t<\/div>\n\t\t","protected":false},"excerpt":{"rendered":"<p>Impressum Impressum gem. \u00a7 25 Mediengesetz sowie Anbieteridentifizierung gem. \u00a7 5 Abs 1 ECG Kammer der Architekten und Ingenieurkonsulenten f\u00fcr Steiermark und K\u00e4rnten Medieninhaber*in, Herausgeber*in, Hersteller*in und Redaktion: NR-Partner GmbH interdisziplin\u00e4re Gesellschaft mit ZT f\u00fcr Maschienenbau und technische B\u00fcros f\u00fcr Elektro- und Installationstechnik.Liebengasse 29 8042 Graz Firmenbuchgericht: Landesgericht f\u00fcr Zivilrechtssachen Graz Gesch\u00e4ftsf\u00fchrender Gesellschafter:DI Christian RablIng. [&hellip;]<\/p>\n","protected":false},"author":2,"featured_media":0,"parent":0,"menu_order":0,"comment_status":"closed","ping_status":"closed","template":"","meta":{"footnotes":""},"class_list":["post-1338","page","type-page","status-publish","hentry"],"_links":{"self":[{"href":"https:\/\/nr-partner.at\/index.php\/wp-json\/wp\/v2\/pages\/1338","targetHints":{"allow":["GET"]}}],"collection":[{"href":"https:\/\/nr-partner.at\/index.php\/wp-json\/wp\/v2\/pages"}],"about":[{"href":"https:\/\/nr-partner.at\/index.php\/wp-json\/wp\/v2\/types\/page"}],"author":[{"embeddable":true,"href":"https:\/\/nr-partner.at\/index.php\/wp-json\/wp\/v2\/users\/2"}],"replies":[{"embeddable":true,"href":"https:\/\/nr-partner.at\/index.php\/wp-json\/wp\/v2\/comments?post=1338"}],"version-history":[{"count":23,"href":"https:\/\/nr-partner.at\/index.php\/wp-json\/wp\/v2\/pages\/1338\/revisions"}],"predecessor-version":[{"id":2086,"href":"https:\/\/nr-partner.at\/index.php\/wp-json\/wp\/v2\/pages\/1338\/revisions\/2086"}],"wp:attachment":[{"href":"https:\/\/nr-partner.at\/index.php\/wp-json\/wp\/v2\/media?parent=1338"}],"curies":[{"name":"wp","href":"https:\/\/api.w.org\/{rel}","templated":true}]}}