{"id":120,"date":"2025-10-12T08:44:46","date_gmt":"2025-10-12T06:44:46","guid":{"rendered":"https:\/\/nrpartners2.kcon.io\/index.php\/services\/"},"modified":"2026-05-08T09:17:54","modified_gmt":"2026-05-08T07:17:54","slug":"unsere-leistungen","status":"publish","type":"page","link":"https:\/\/nr-partner.at\/index.php\/unsere-leistungen\/","title":{"rendered":"Unsere Leistungen"},"content":{"rendered":"\t\t<div data-elementor-type=\"wp-page\" data-elementor-id=\"120\" class=\"elementor elementor-120\" data-elementor-post-type=\"page\">\n\t\t\t\t<div class=\"elementor-element elementor-element-7f07a1f e-con-full e-flex e-con e-parent\" data-id=\"7f07a1f\" data-element_type=\"container\" data-e-type=\"container\">\n\t\t<div class=\"elementor-element elementor-element-6b081be e-con-full e-flex e-con e-child\" data-id=\"6b081be\" data-element_type=\"container\" data-e-type=\"container\">\n\t\t\t\t<div class=\"elementor-element elementor-element-00dd3bd elementor-widget__width-inherit elementor-widget elementor-widget-heading\" data-id=\"00dd3bd\" data-element_type=\"widget\" data-e-type=\"widget\" data-widget_type=\"heading.default\">\n\t\t\t\t\t<h1 class=\"elementor-heading-title elementor-size-default\">Unsere Leistungen im Pr\u00fcfpflichtenmanagement<\/h1>\t\t\t\t<\/div>\n\t\t\t\t<div class=\"elementor-element elementor-element-cdb75ab elementor-widget__width-inherit elementor-widget elementor-widget-text-editor\" data-id=\"cdb75ab\" data-element_type=\"widget\" data-e-type=\"widget\" data-widget_type=\"text-editor.default\">\n\t\t\t\t\t\t\t\t\t<p style=\"text-align: center;\">Wir unterst\u00fctzen Unternehmen dabei, gesetzliche Pr\u00fcfpflichten systematisch zu erfassen, umzusetzen und dauerhaft rechtssicher zu organisieren. Von der Analyse gesetzlicher Anforderungen bis zur strukturierten Umsetzung und laufenden Betreuung.<\/p>\t\t\t\t\t\t\t\t<\/div>\n\t\t\t\t<\/div>\n\t\t\t\t<\/div>\n\t\t<div class=\"elementor-element elementor-element-8a4b274 e-con-full e-flex e-con e-parent\" data-id=\"8a4b274\" data-element_type=\"container\" data-e-type=\"container\" data-settings=\"{&quot;background_background&quot;:&quot;classic&quot;}\">\n\t\t<div class=\"elementor-element elementor-element-9de9a66 e-grid e-con-full e-con e-child\" data-id=\"9de9a66\" data-element_type=\"container\" data-e-type=\"container\">\n\t\t<div class=\"elementor-element elementor-element-30ab1f4 e-con-full hover-box e-flex e-con e-child\" data-id=\"30ab1f4\" data-element_type=\"container\" data-e-type=\"container\">\n\t\t\t\t<div class=\"elementor-element elementor-element-3e6533a hover-title elementor-widget elementor-widget-heading\" data-id=\"3e6533a\" data-element_type=\"widget\" data-e-type=\"widget\" data-widget_type=\"heading.default\">\n\t\t\t\t\t<h3 class=\"elementor-heading-title elementor-size-default\"><a href=\"https:\/\/nr-partner.at\/index.php\/unsere-leistungen\/analyse-bewertung-gesetzlicher-anforderungen\/\">Analyse &amp; rechtliche Bewertung<\/a><\/h3>\t\t\t\t<\/div>\n\t\t\t\t<div class=\"elementor-element elementor-element-208f7c7 hover-text elementor-widget elementor-widget-text-editor\" data-id=\"208f7c7\" data-element_type=\"widget\" data-e-type=\"widget\" data-widget_type=\"text-editor.default\">\n\t\t\t\t\t\t\t\t\t<div class=\"relative w-full mt-4 mb-1\"><div class=\"\"><div class=\"relative\"><div class=\"h-full min-h-0 min-w-0\"><div class=\"h-full min-h-0 min-w-0\"><div class=\"border border-token-border-light border-radius-3xl corner-superellipse\/1.1 rounded-3xl\"><div class=\"h-full w-full border-radius-3xl bg-token-bg-elevated-secondary corner-superellipse\/1.1 overflow-clip rounded-3xl lxnfua_clipPathFallback\"><div class=\"relative\"><div class=\"pe-11 pt-3\"><div class=\"relative z-0 flex max-w-full\"><div id=\"code-block-viewer\" class=\"q9tKkq_viewer cm-editor z-10 light:cm-light dark:cm-light flex h-full w-full flex-col items-stretch \u037c5 \u037cj\" dir=\"ltr\"><div class=\"cm-scroller\"><div class=\"cm-content q9tKkq_readonly\">Wir identifizieren alle relevanten Vorschriften und zeigen Ihnen konkret, welche Pr\u00fcfpflichten f\u00fcr Ihren Betrieb gelten.<\/div><\/div><\/div><\/div><\/div><\/div><\/div><\/div><\/div><\/div><\/div><\/div><\/div>\t\t\t\t\t\t\t\t<\/div>\n\t\t\t\t<\/div>\n\t\t<div class=\"elementor-element elementor-element-53fa351 e-con-full hover-box e-flex e-con e-child\" data-id=\"53fa351\" data-element_type=\"container\" data-e-type=\"container\">\n\t\t\t\t<div class=\"elementor-element elementor-element-868b13c hover-title elementor-widget elementor-widget-heading\" data-id=\"868b13c\" data-element_type=\"widget\" data-e-type=\"widget\" data-widget_type=\"heading.default\">\n\t\t\t\t\t<h3 class=\"elementor-heading-title elementor-size-default\"><a href=\"https:\/\/nr-partner.at\/index.php\/unsere-leistungen\/umsetzung-technischer-pruefpflichten\/\">Technische Pr\u00fcfpflichten sicher umsetzen und dokumentieren<\/a><\/h3>\t\t\t\t<\/div>\n\t\t\t\t<div class=\"elementor-element elementor-element-50a6c9b hover-text elementor-widget elementor-widget-text-editor\" data-id=\"50a6c9b\" data-element_type=\"widget\" data-e-type=\"widget\" data-widget_type=\"text-editor.default\">\n\t\t\t\t\t\t\t\t\t<div class=\"relative w-full mt-4 mb-1\"><div class=\"\"><div class=\"relative\"><div class=\"h-full min-h-0 min-w-0\"><div class=\"h-full min-h-0 min-w-0\"><div class=\"border border-token-border-light border-radius-3xl corner-superellipse\/1.1 rounded-3xl\"><div class=\"h-full w-full border-radius-3xl bg-token-bg-elevated-secondary corner-superellipse\/1.1 overflow-clip rounded-3xl lxnfua_clipPathFallback\"><div class=\"relative\"><div class=\"pe-11 pt-3\"><div class=\"relative z-0 flex max-w-full\"><div id=\"code-block-viewer\" class=\"q9tKkq_viewer cm-editor z-10 light:cm-light dark:cm-light flex h-full w-full flex-col items-stretch \u037c5 \u037cj\" dir=\"ltr\"><div class=\"cm-scroller\"><div class=\"cm-content q9tKkq_readonly\">Wir planen und koordinieren alle gesetzlich vorgeschriebenen Pr\u00fcfungen Ihrer Anlagen und Betriebsmittel.<\/div><\/div><\/div><\/div><\/div><\/div><\/div><\/div><\/div><\/div><\/div><\/div><\/div>\t\t\t\t\t\t\t\t<\/div>\n\t\t\t\t<\/div>\n\t\t<div class=\"elementor-element elementor-element-632a79b e-con-full hover-box e-flex e-con e-child\" data-id=\"632a79b\" data-element_type=\"container\" data-e-type=\"container\">\n\t\t\t\t<div class=\"elementor-element elementor-element-5c15260 hover-title elementor-widget elementor-widget-heading\" data-id=\"5c15260\" data-element_type=\"widget\" data-e-type=\"widget\" data-widget_type=\"heading.default\">\n\t\t\t\t\t<h3 class=\"elementor-heading-title elementor-size-default\"><a href=\"https:\/\/nr-partner.at\/index.php\/digitale-dokumentation-von-pruefpflichten-und-anlagen\/\">Digitale Dokumentation von Pr\u00fcfpflichten &amp; Anlagenpr\u00fcfungen<\/a><\/h3>\t\t\t\t<\/div>\n\t\t\t\t<div class=\"elementor-element elementor-element-e9d52d6 hover-text elementor-widget elementor-widget-text-editor\" data-id=\"e9d52d6\" data-element_type=\"widget\" data-e-type=\"widget\" data-widget_type=\"text-editor.default\">\n\t\t\t\t\t\t\t\t\t<div class=\"relative w-full mt-4 mb-1\"><div class=\"\"><div class=\"relative\"><div class=\"h-full min-h-0 min-w-0\"><div class=\"h-full min-h-0 min-w-0\"><div class=\"border border-token-border-light border-radius-3xl corner-superellipse\/1.1 rounded-3xl\"><div class=\"h-full w-full border-radius-3xl bg-token-bg-elevated-secondary corner-superellipse\/1.1 overflow-clip rounded-3xl lxnfua_clipPathFallback\"><div class=\"relative\"><div class=\"pe-11 pt-3\"><div class=\"relative z-0 flex max-w-full\"><div id=\"code-block-viewer\" class=\"q9tKkq_viewer cm-editor z-10 light:cm-light dark:cm-light flex h-full w-full flex-col items-stretch \u037c5 \u037cj\" dir=\"ltr\"><div class=\"cm-scroller\"><div class=\"cm-content q9tKkq_readonly\">Wir schaffen eine strukturierte und revisionssichere Dokumentation aller Pr\u00fcfungen und Ma\u00dfnahmen.<\/div><\/div><\/div><\/div><\/div><\/div><\/div><\/div><\/div><\/div><\/div><\/div><\/div>\t\t\t\t\t\t\t\t<\/div>\n\t\t\t\t<\/div>\n\t\t\t\t<\/div>\n\t\t\t\t<\/div>\n\t\t<div class=\"elementor-element elementor-element-edb6c80 e-con-full e-flex e-con e-parent\" data-id=\"edb6c80\" data-element_type=\"container\" data-e-type=\"container\">\n\t\t\t\t<div class=\"elementor-element elementor-element-8d881fc elementor-widget__width-inherit elementor-widget elementor-widget-heading\" data-id=\"8d881fc\" data-element_type=\"widget\" data-e-type=\"widget\" data-widget_type=\"heading.default\">\n\t\t\t\t\t<h3 class=\"elementor-heading-title elementor-size-default\">Typische Risiken im Pr\u00fcfpflichtenmanagement<\/h3>\t\t\t\t<\/div>\n\t\t\t\t<\/div>\n\t\t<div class=\"elementor-element elementor-element-19fb077e e-con-full e-flex e-con e-parent\" data-id=\"19fb077e\" data-element_type=\"container\" data-e-type=\"container\" data-settings=\"{&quot;background_background&quot;:&quot;classic&quot;}\">\n\t\t<div class=\"elementor-element elementor-element-17a7d637 e-con-full e-flex e-con e-child\" data-id=\"17a7d637\" data-element_type=\"container\" data-e-type=\"container\">\n\t\t\t\t<div class=\"elementor-element elementor-element-1b780be9 elementor-widget elementor-widget-heading\" data-id=\"1b780be9\" data-element_type=\"widget\" data-e-type=\"widget\" data-widget_type=\"heading.default\">\n\t\t\t\t\t<h3 class=\"elementor-heading-title elementor-size-default\">Heinzanlagen und Wasserqualit\u00e4t<\/h3>\t\t\t\t<\/div>\n\t\t\t\t<div class=\"elementor-element elementor-element-1b67603c elementor-widget__width-initial elementor-widget elementor-widget-text-editor\" data-id=\"1b67603c\" data-element_type=\"widget\" data-e-type=\"widget\" data-widget_type=\"text-editor.default\">\n\t\t\t\t\t\t\t\t\t<p><span style=\"color: #000000; font-size: 14px; white-space-collapse: preserve;\">Was viele nicht wissen: Heizanlagen sollten regelm\u00e4\u00dfig nach \u00d6NORM 5195 \u00fcberpr\u00fcft werden \u2013 denn hier geht es um mehr als Technik. Die Qualit\u00e4t des Heizungswassers spielt eine entscheidende Rolle. Zu hohe H\u00e4rtegrade k\u00f6nnen zu Verkalkung und Korrosion f\u00fchren, was langfristig die gesamte Anlage sch\u00e4digt. Und: Liegt kein Nachweis \u00fcber die normgem\u00e4\u00dfe Pr\u00fcfung vor, kann es passieren, dass Versicherungen im Schadensfall nicht zahlen. Deshalb lohnt sich eine regelm\u00e4\u00dfige Kontrolle \u2013 f\u00fcr Ihre Sicherheit und Ihr gutes Gef\u00fchl.<\/span><\/p>\t\t\t\t\t\t\t\t<\/div>\n\t\t\t\t<\/div>\n\t\t<div class=\"elementor-element elementor-element-92fa234 e-con-full e-flex e-con e-child\" data-id=\"92fa234\" data-element_type=\"container\" data-e-type=\"container\">\n\t\t\t\t<div class=\"elementor-element elementor-element-483cc05a elementor-widget elementor-widget-image\" data-id=\"483cc05a\" data-element_type=\"widget\" data-e-type=\"widget\" data-widget_type=\"image.default\">\n\t\t\t\t\t\t\t\t\t\t\t\t\t\t\t<img fetchpriority=\"high\" decoding=\"async\" width=\"800\" height=\"436\" src=\"https:\/\/nr-partner.at\/wp-content\/uploads\/2026\/01\/heizanlage.png\" class=\"attachment-large size-large wp-image-832\" alt=\"\" srcset=\"https:\/\/nr-partner.at\/wp-content\/uploads\/2026\/01\/heizanlage.png 800w, https:\/\/nr-partner.at\/wp-content\/uploads\/2026\/01\/heizanlage-300x164.png 300w, https:\/\/nr-partner.at\/wp-content\/uploads\/2026\/01\/heizanlage-768x419.png 768w\" sizes=\"(max-width: 800px) 100vw, 800px\" \/>\t\t\t\t\t\t\t\t\t\t\t\t\t\t\t<\/div>\n\t\t\t\t<\/div>\n\t\t\t\t<\/div>\n\t\t<div class=\"elementor-element elementor-element-13b38d69 e-con-full e-flex e-con e-parent\" data-id=\"13b38d69\" data-element_type=\"container\" data-e-type=\"container\" data-settings=\"{&quot;background_background&quot;:&quot;classic&quot;}\">\n\t\t<div class=\"elementor-element elementor-element-76c8d340 e-con-full e-flex e-con e-child\" data-id=\"76c8d340\" data-element_type=\"container\" data-e-type=\"container\">\n\t\t\t\t<div class=\"elementor-element elementor-element-3f906d43 elementor-widget__width-inherit elementor-widget elementor-widget-image\" data-id=\"3f906d43\" data-element_type=\"widget\" data-e-type=\"widget\" data-widget_type=\"image.default\">\n\t\t\t\t\t\t\t\t\t\t\t\t\t\t\t<img decoding=\"async\" width=\"800\" height=\"447\" src=\"https:\/\/nr-partner.at\/wp-content\/uploads\/2026\/01\/bad.png\" class=\"attachment-large size-large wp-image-837\" alt=\"\" srcset=\"https:\/\/nr-partner.at\/wp-content\/uploads\/2026\/01\/bad.png 1024w, https:\/\/nr-partner.at\/wp-content\/uploads\/2026\/01\/bad-300x168.png 300w, https:\/\/nr-partner.at\/wp-content\/uploads\/2026\/01\/bad-768x429.png 768w\" sizes=\"(max-width: 800px) 100vw, 800px\" \/>\t\t\t\t\t\t\t\t\t\t\t\t\t\t\t<\/div>\n\t\t\t\t<\/div>\n\t\t<div class=\"elementor-element elementor-element-7046cbd e-con-full e-flex e-con e-child\" data-id=\"7046cbd\" data-element_type=\"container\" data-e-type=\"container\">\n\t\t\t\t<div class=\"elementor-element elementor-element-bdf0489 elementor-widget elementor-widget-heading\" data-id=\"bdf0489\" data-element_type=\"widget\" data-e-type=\"widget\" data-widget_type=\"heading.default\">\n\t\t\t\t\t<h3 class=\"elementor-heading-title elementor-size-default\"><h2 data-elementor-setting-key=\"image_zigzag_items.1.image_title\" data-elementor-inline-editing-toolbar=\"none\" data-pen-placeholder=\"Type Here...\" style=\"line-height: 1em;font-size: 23px;text-transform: uppercase\"><span style=\"font-size: 22px;font-weight: 600;letter-spacing: 0px;text-transform: none\">Legionellen in Duschbrausen<\/span><span style=\"font-size: 22px;font-weight: 600;letter-spacing: 0px;text-transform: none\"><\/span><\/h2><\/h3>\t\t\t\t<\/div>\n\t\t\t\t<div class=\"elementor-element elementor-element-323db18b elementor-widget elementor-widget-text-editor\" data-id=\"323db18b\" data-element_type=\"widget\" data-e-type=\"widget\" data-widget_type=\"text-editor.default\">\n\t\t\t\t\t\t\t\t\t<p><span style=\"font-size: 14px; white-space-collapse: preserve;\">Wenn Duschbrausen nicht t\u00e4glich genutzt werden, kann sich darin ein ernstes Risiko entwickeln: Legionellen. Diese Bakterien lieben stehendes, warmes Wasser \u2013 und k\u00f6nnen beim Einatmen \u00fcber feinen Wassernebel schwere Infektionen ausl\u00f6sen, die im schlimmsten Fall sogar t\u00f6dlich enden. Besonders betroffen sind Pflege- und Betreuungseinrichtungen, Hotels und Sportst\u00e4tten, wo Duschen nicht immer regelm\u00e4\u00dfig verwendet werden. Deshalb sind regelm\u00e4\u00dfige \u00dcberpr\u00fcfungen hier nicht nur sinnvoll, sondern absolut notwendig \u2013 f\u00fcr die Gesundheit aller und zur rechtlichen Absicherung. <\/span><\/p>\t\t\t\t\t\t\t\t<\/div>\n\t\t\t\t<\/div>\n\t\t\t\t<\/div>\n\t\t<div class=\"elementor-element elementor-element-8568c5a e-con-full e-flex e-con e-parent\" data-id=\"8568c5a\" data-element_type=\"container\" data-e-type=\"container\">\n\t\t<div class=\"elementor-element elementor-element-4204539 e-con-full e-flex e-con e-child\" data-id=\"4204539\" data-element_type=\"container\" data-e-type=\"container\">\n\t\t\t\t<div class=\"elementor-element elementor-element-69fadac elementor-widget__width-inherit elementor-widget elementor-widget-heading\" data-id=\"69fadac\" data-element_type=\"widget\" data-e-type=\"widget\" data-widget_type=\"heading.default\">\n\t\t\t\t\t<h2 class=\"elementor-heading-title elementor-size-default\">Lassen Sie uns Ihre Pr\u00fcfpflichten strukturieren!<\/h2>\t\t\t\t<\/div>\n\t\t\t\t<div class=\"elementor-element elementor-element-56de022 elementor-widget elementor-widget-text-editor\" data-id=\"56de022\" data-element_type=\"widget\" data-e-type=\"widget\" data-widget_type=\"text-editor.default\">\n\t\t\t\t\t\t\t\t\t<p>Gerne analysieren wir Ihre aktuelle Situation und entwickeln eine strukturierte L\u00f6sung f\u00fcr Ihren Betrieb.<\/p>\t\t\t\t\t\t\t\t<\/div>\n\t\t\t\t<div class=\"elementor-element elementor-element-5f8dc8d elementor-align-center elementor-invisible elementor-widget elementor-widget-button\" data-id=\"5f8dc8d\" data-element_type=\"widget\" data-e-type=\"widget\" data-settings=\"{&quot;_animation&quot;:&quot;fadeInDown&quot;}\" data-widget_type=\"button.default\">\n\t\t\t\t\t\t\t\t\t\t<a class=\"elementor-button elementor-button-link elementor-size-sm\" href=\"https:\/\/nr-partner.at\/index.php\/kontakt\/\">\n\t\t\t\t\t\t<span class=\"elementor-button-content-wrapper\">\n\t\t\t\t\t\t\t\t\t<span class=\"elementor-button-text\">Unverbindliches Erstgespr\u00e4ch<\/span>\n\t\t\t\t\t<\/span>\n\t\t\t\t\t<\/a>\n\t\t\t\t\t\t\t\t<\/div>\n\t\t\t\t<\/div>\n\t\t\t\t<\/div>\n\t\t\t\t<\/div>\n\t\t","protected":false},"excerpt":{"rendered":"<p>Unsere Leistungen im Pr\u00fcfpflichtenmanagement Wir unterst\u00fctzen Unternehmen dabei, gesetzliche Pr\u00fcfpflichten systematisch zu erfassen, umzusetzen und dauerhaft rechtssicher zu organisieren. Von der Analyse gesetzlicher Anforderungen bis zur strukturierten Umsetzung und laufenden Betreuung. Analyse &amp; rechtliche Bewertung Wir identifizieren alle relevanten Vorschriften und zeigen Ihnen konkret, welche Pr\u00fcfpflichten f\u00fcr Ihren Betrieb gelten. Technische Pr\u00fcfpflichten sicher umsetzen und [&hellip;]<\/p>\n","protected":false},"author":1,"featured_media":136,"parent":0,"menu_order":0,"comment_status":"closed","ping_status":"closed","template":"","meta":{"footnotes":""},"class_list":["post-120","page","type-page","status-publish","has-post-thumbnail","hentry"],"_links":{"self":[{"href":"https:\/\/nr-partner.at\/index.php\/wp-json\/wp\/v2\/pages\/120","targetHints":{"allow":["GET"]}}],"collection":[{"href":"https:\/\/nr-partner.at\/index.php\/wp-json\/wp\/v2\/pages"}],"about":[{"href":"https:\/\/nr-partner.at\/index.php\/wp-json\/wp\/v2\/types\/page"}],"author":[{"embeddable":true,"href":"https:\/\/nr-partner.at\/index.php\/wp-json\/wp\/v2\/users\/1"}],"replies":[{"embeddable":true,"href":"https:\/\/nr-partner.at\/index.php\/wp-json\/wp\/v2\/comments?post=120"}],"version-history":[{"count":218,"href":"https:\/\/nr-partner.at\/index.php\/wp-json\/wp\/v2\/pages\/120\/revisions"}],"predecessor-version":[{"id":2135,"href":"https:\/\/nr-partner.at\/index.php\/wp-json\/wp\/v2\/pages\/120\/revisions\/2135"}],"wp:featuredmedia":[{"embeddable":true,"href":"https:\/\/nr-partner.at\/index.php\/wp-json\/wp\/v2\/media\/136"}],"wp:attachment":[{"href":"https:\/\/nr-partner.at\/index.php\/wp-json\/wp\/v2\/media?parent=120"}],"curies":[{"name":"wp","href":"https:\/\/api.w.org\/{rel}","templated":true}]}}